{"id":17,"date":"2024-05-17T07:00:16","date_gmt":"2024-05-17T07:00:16","guid":{"rendered":"http:\/\/www.starlightenerji.com\/?page_id=17"},"modified":"2024-05-19T11:50:29","modified_gmt":"2024-05-19T11:50:29","slug":"hizmetlerimiz","status":"publish","type":"page","link":"https:\/\/www.starlightenerji.com\/index.php\/hizmetlerimiz\/","title":{"rendered":"Hizmetler"},"content":{"rendered":"\n<p>Yenilenebilir enerji sekt\u00f6r\u00fcndeki 10 y\u0131l\u0131 a\u015fk\u0131n tecr\u00fcbemiz ve geni\u015f bilgi birikimimizle, yurti\u00e7i ve yurtd\u0131\u015f\u0131nda dan\u0131\u015fmanl\u0131k ve anahtar teslim proje hizmetleri sunmaktay\u0131z.<\/p>\n\n\n\n<p><strong>STARLIGHT Enerji<\/strong> olarak, \u00fcr\u00fcn ve hizmetlerimizde g\u00fcven ve \u00f6zenimizi yat\u0131r\u0131mc\u0131lar\u0131m\u0131za ve ortaklar\u0131m\u0131za yans\u0131tmak birinci \u00f6nceli\u011fimizdir.<\/p>\n\n\n\n<p>G\u00fcne\u015f enerjisi ve di\u011fer s\u00fcrd\u00fcr\u00fclebilir enerji yat\u0131r\u0131mlar\u0131n\u0131z\u0131 planlarken, do\u011fru ekipman ve g\u00fcvenilir bir partner se\u00e7mek kritik bir ad\u0131md\u0131r. En iyi hizmeti ve ihtiyac\u0131n\u0131za uygun ekipman\u0131 sunarak, tesislerinizin maksimum performansla faaliyet g\u00f6stermesini sa\u011fl\u0131yoruz. Bu sayede, yat\u0131r\u0131m\u0131n\u0131z\u0131n geri d\u00f6n\u00fc\u015f s\u00fcresi de minimum seviyeye inmektedir.<\/p>\n\n\n\n<p>Bug\u00fcne kadar, yurti\u00e7i ve yurtd\u0131\u015f\u0131nda kurulumunu ger\u00e7ekle\u015ftirdi\u011fimiz santrallerin toplam kurulu g\u00fcc\u00fc 103 MW&#8217;a ula\u015fm\u0131\u015f olup, geli\u015ftirdi\u011fimiz projeler 312 MW&#8217;l\u0131k bir portf\u00f6y olu\u015fturmu\u015ftur. Yurtd\u0131\u015f\u0131 proje geli\u015ftirme ve kurulum faaliyetlerimize ise \u0130ngiltere ve Avrupa Birli\u011fi ba\u015fta olmak \u00fczere devam etmekteyiz.<\/p>\n\n\n\n<p>Y\u00f6netim anlay\u0131\u015f\u0131m\u0131z, yenilenebilir enerji alan\u0131ndaki faaliyetlerimizi t\u00fcm alt sekt\u00f6rleriyle birlikte geli\u015ftirme \u00e7abas\u0131 i\u00e7indedir. Bu kapsamda, g\u00fcne\u015f enerjisi, biyogaz ve r\u00fczgar enerjisi gibi yenilenebilir enerji kaynaklar\u0131na y\u00f6nelik orta ve uzun vadeli yat\u0131r\u0131m planlamalar\u0131 yapmaktay\u0131z.<\/p>\n\n\n\n<h3 class=\"wp-block-heading\">PROJE GEL\u0130\u015eT\u0130RME H\u0130ZMETLER\u0130M\u0130Z<\/h3>\n\n\n\n<p><strong>Uygun Arazi Se\u00e7imi<\/strong><\/p>\n\n\n\n<ul>\n<li>Mevcut enerji altyap\u0131s\u0131na yak\u0131n, verimli ve uygun maliyetli arazi se\u00e7imi<\/li>\n\n\n\n<li>B\u00f6lgenin iklimsel ve meteorolojik ko\u015fullar\u0131n\u0131n de\u011ferlendirilmesi<\/li>\n\n\n\n<li>\u0130lgili yasal d\u00fczenlemeler ve mevzuatlara uygunluk analizi<\/li>\n\n\n\n<li>Teknik \u00f6l\u00e7\u00fcmlerin titizlikle yap\u0131lmas\u0131<\/li>\n\n\n\n<li>\u00dcretim sim\u00fclasyonlar\u0131 ve verimlilik analizlerinin haz\u0131rlanmas\u0131<\/li>\n\n\n\n<li>Proje i\u00e7in detayl\u0131 nakit ak\u0131\u015f\u0131 ve finansal modelleme yap\u0131lmas\u0131<\/li>\n\n\n\n<li>Gerekli izinler i\u00e7in ilgili kurumlara ba\u015fvuru s\u00fcrecinin y\u00f6netilmesi<\/li>\n\n\n\n<li>\u0130zinlerin takip edilmesi ve onay s\u00fcre\u00e7lerinin tamamlanmas\u0131<\/li>\n\n\n\n<li>Lisanslama s\u00fcrecinin ba\u015far\u0131yla sonu\u00e7land\u0131r\u0131lmas\u0131 ve projenin yat\u0131r\u0131m yap\u0131labilir hale getirilmesi<\/li>\n<\/ul>\n\n\n\n<p><strong>STARLIGHT Enerji<\/strong> olarak, yenilik\u00e7i ve s\u00fcrd\u00fcr\u00fclebilir enerji \u00e7\u00f6z\u00fcmlerimizle gelece\u011fe yat\u0131r\u0131m yap\u0131yoruz. Yat\u0131r\u0131mlar\u0131n\u0131zda do\u011fru kararlar alman\u0131z ve en y\u00fcksek verimi elde etmeniz i\u00e7in sizinleyiz.<\/p>\n","protected":false},"excerpt":{"rendered":"<p>Yenilenebilir enerji sekt\u00f6r\u00fcndeki 10 y\u0131l\u0131 a\u015fk\u0131n tecr\u00fcbemiz ve geni\u015f bilgi birikimimizle, yurti\u00e7i ve yurtd\u0131\u015f\u0131nda dan\u0131\u015fmanl\u0131k ve anahtar teslim proje hizmetleri sunmaktay\u0131z. STARLIGHT Enerji olarak, \u00fcr\u00fcn ve hizmetlerimizde g\u00fcven ve \u00f6zenimizi yat\u0131r\u0131mc\u0131lar\u0131m\u0131za ve ortaklar\u0131m\u0131za yans\u0131tmak birinci \u00f6nceli\u011fimizdir. G\u00fcne\u015f enerjisi ve di\u011fer s\u00fcrd\u00fcr\u00fclebilir enerji yat\u0131r\u0131mlar\u0131n\u0131z\u0131 planlarken, do\u011fru ekipman ve g\u00fcvenilir bir partner se\u00e7mek kritik bir ad\u0131md\u0131r. En [&hellip;]<\/p>\n","protected":false},"author":1,"featured_media":0,"parent":0,"menu_order":0,"comment_status":"closed","ping_status":"closed","template":"","meta":{"footnotes":""},"_links":{"self":[{"href":"https:\/\/www.starlightenerji.com\/index.php\/wp-json\/wp\/v2\/pages\/17"}],"collection":[{"href":"https:\/\/www.starlightenerji.com\/index.php\/wp-json\/wp\/v2\/pages"}],"about":[{"href":"https:\/\/www.starlightenerji.com\/index.php\/wp-json\/wp\/v2\/types\/page"}],"author":[{"embeddable":true,"href":"https:\/\/www.starlightenerji.com\/index.php\/wp-json\/wp\/v2\/users\/1"}],"replies":[{"embeddable":true,"href":"https:\/\/www.starlightenerji.com\/index.php\/wp-json\/wp\/v2\/comments?post=17"}],"version-history":[{"count":4,"href":"https:\/\/www.starlightenerji.com\/index.php\/wp-json\/wp\/v2\/pages\/17\/revisions"}],"predecessor-version":[{"id":47,"href":"https:\/\/www.starlightenerji.com\/index.php\/wp-json\/wp\/v2\/pages\/17\/revisions\/47"}],"wp:attachment":[{"href":"https:\/\/www.starlightenerji.com\/index.php\/wp-json\/wp\/v2\/media?parent=17"}],"curies":[{"name":"wp","href":"https:\/\/api.w.org\/{rel}","templated":true}]}}