{"id":23,"date":"2024-05-17T07:01:49","date_gmt":"2024-05-17T07:01:49","guid":{"rendered":"http:\/\/www.starlightenerji.com\/?page_id=23"},"modified":"2026-04-07T19:02:52","modified_gmt":"2026-04-07T19:02:52","slug":"iletisim","status":"publish","type":"page","link":"https:\/\/www.starlightenerji.com\/index.php\/iletisim\/","title":{"rendered":"\u0130leti\u015fim"},"content":{"rendered":"\n<p>Adres : Fatih Sultan Mehmet Mah. Poligon Cad. <\/p>\n\n\n\n<p>Buyaka2 Sitesi 3Blok No:8C\/1 <\/p>\n\n\n\n<p>\u00dcmraniye \/ \u0130STANBUL<\/p>\n\n\n\n<p>\u0130leti\u015fim No : <a href=\"tel:+02166067485\">+90 546 263 61 80<\/a><\/p>\n\n\n\n<iframe src=\"https:\/\/www.google.com\/maps\/embed?pb=!1m17!1m12!1m3!1d752.4839451804852!2d29.123973469655468!3d41.02666090994445!2m3!1f0!2f0!3f0!3m2!1i1024!2i768!4f13.1!3m2!1m1!2zNDHCsDAxJzM2LjAiTiAyOcKwMDcnMjguNiJF!5e0!3m2!1str!2str!4v1716910808097!5m2!1str!2str\" width=\"600\" height=\"450\" style=\"border:0;\" allowfullscreen=\"\" loading=\"lazy\" referrerpolicy=\"no-referrer-when-downgrade\"><\/iframe>\n","protected":false},"excerpt":{"rendered":"<p>Adres : Fatih Sultan Mehmet Mah. Poligon Cad. Buyaka2 Sitesi 3Blok No:8C\/1 \u00dcmraniye \/ \u0130STANBUL \u0130leti\u015fim No : +90 546 263 61 80<\/p>\n","protected":false},"author":1,"featured_media":0,"parent":0,"menu_order":0,"comment_status":"closed","ping_status":"closed","template":"","meta":{"footnotes":""},"_links":{"self":[{"href":"https:\/\/www.starlightenerji.com\/index.php\/wp-json\/wp\/v2\/pages\/23"}],"collection":[{"href":"https:\/\/www.starlightenerji.com\/index.php\/wp-json\/wp\/v2\/pages"}],"about":[{"href":"https:\/\/www.starlightenerji.com\/index.php\/wp-json\/wp\/v2\/types\/page"}],"author":[{"embeddable":true,"href":"https:\/\/www.starlightenerji.com\/index.php\/wp-json\/wp\/v2\/users\/1"}],"replies":[{"embeddable":true,"href":"https:\/\/www.starlightenerji.com\/index.php\/wp-json\/wp\/v2\/comments?post=23"}],"version-history":[{"count":6,"href":"https:\/\/www.starlightenerji.com\/index.php\/wp-json\/wp\/v2\/pages\/23\/revisions"}],"predecessor-version":[{"id":80,"href":"https:\/\/www.starlightenerji.com\/index.php\/wp-json\/wp\/v2\/pages\/23\/revisions\/80"}],"wp:attachment":[{"href":"https:\/\/www.starlightenerji.com\/index.php\/wp-json\/wp\/v2\/media?parent=23"}],"curies":[{"name":"wp","href":"https:\/\/api.w.org\/{rel}","templated":true}]}}